{"id":5,"date":"2025-02-18T09:09:00","date_gmt":"2025-02-18T09:09:00","guid":{"rendered":"https:\/\/tosi.korinekdavid.cz\/?page_id=5"},"modified":"2025-05-07T11:48:29","modified_gmt":"2025-05-07T11:48:29","slug":"o-nas","status":"publish","type":"page","link":"https:\/\/tosi.korinekdavid.cz\/?page_id=5","title":{"rendered":"O n\u00e1s"},"content":{"rendered":"\n<p>Jmenuji se Luk\u00e1\u0161 Chladil a v\u00a0zahradnick\u00e9m oboru se pohybuji v\u00edce ne\u017e 12let. Samotn\u00fd n\u00e1zev<br>To-\u0160i je slo\u017een ze jmen m\u00fdch dvou syn\u016f. Tedy Tobi\u00e1\u0161 a \u0160imon &#8211; nic japonsk\u00e9ho v\u00a0tom<br>nehledejte. P\u0159esto mus\u00edm p\u0159iznat, \u017ee pr\u00e1v\u011b japonsk\u00e9 zahrady a bonsaje pat\u0159\u00ed k\u00a0m\u00fdm<br>obl\u00edben\u00fdm.<\/p>\n\n\n\n<p>Hlavn\u00edm c\u00edlem t\u00e9to spole\u010dnosti je uspokojit va\u0161i popt\u00e1vku po venkovn\u00edch i pokojov\u00fdch<br>rostlin\u00e1ch. Mnoho z\u00a0v\u00e1s m\u00e1 konkr\u00e9tn\u00ed seznam, kter\u00fd pot\u0159ebuje sehnat. M\u00fdm c\u00edlem je<br>nab\u00eddnout je v\u00a0co nejlep\u0161\u00ed kvalit\u011b a po\u017eadovan\u00e9m mno\u017estv\u00ed.<\/p>\n","protected":false},"excerpt":{"rendered":"<p>Jmenuji se Luk\u00e1\u0161 Chladil a v\u00a0zahradnick\u00e9m oboru se pohybuji v\u00edce ne\u017e 12let. Samotn\u00fd n\u00e1zevTo-\u0160i je slo\u017een ze jmen m\u00fdch dvou syn\u016f. Tedy Tobi\u00e1\u0161 a \u0160imon &#8211; nic japonsk\u00e9ho v\u00a0tomnehledejte. P\u0159esto mus\u00edm p\u0159iznat, \u017ee pr\u00e1v\u011b japonsk\u00e9 zahrady a bonsaje pat\u0159\u00ed k\u00a0m\u00fdmobl\u00edben\u00fdm. Hlavn\u00edm c\u00edlem t\u00e9to spole\u010dnosti je uspokojit va\u0161i popt\u00e1vku po venkovn\u00edch i pokojov\u00fdchrostlin\u00e1ch. Mnoho z\u00a0v\u00e1s m\u00e1 [&hellip;]<\/p>\n","protected":false},"author":1,"featured_media":0,"parent":0,"menu_order":0,"comment_status":"closed","ping_status":"closed","template":"","meta":{"footnotes":""},"class_list":["post-5","page","type-page","status-publish","hentry"],"_links":{"self":[{"href":"https:\/\/tosi.korinekdavid.cz\/index.php?rest_route=\/wp\/v2\/pages\/5","targetHints":{"allow":["GET"]}}],"collection":[{"href":"https:\/\/tosi.korinekdavid.cz\/index.php?rest_route=\/wp\/v2\/pages"}],"about":[{"href":"https:\/\/tosi.korinekdavid.cz\/index.php?rest_route=\/wp\/v2\/types\/page"}],"author":[{"embeddable":true,"href":"https:\/\/tosi.korinekdavid.cz\/index.php?rest_route=\/wp\/v2\/users\/1"}],"replies":[{"embeddable":true,"href":"https:\/\/tosi.korinekdavid.cz\/index.php?rest_route=%2Fwp%2Fv2%2Fcomments&post=5"}],"version-history":[{"count":2,"href":"https:\/\/tosi.korinekdavid.cz\/index.php?rest_route=\/wp\/v2\/pages\/5\/revisions"}],"predecessor-version":[{"id":51,"href":"https:\/\/tosi.korinekdavid.cz\/index.php?rest_route=\/wp\/v2\/pages\/5\/revisions\/51"}],"wp:attachment":[{"href":"https:\/\/tosi.korinekdavid.cz\/index.php?rest_route=%2Fwp%2Fv2%2Fmedia&parent=5"}],"curies":[{"name":"wp","href":"https:\/\/api.w.org\/{rel}","templated":true}]}}