{"id":42,"date":"2025-05-07T11:32:13","date_gmt":"2025-05-07T11:32:13","guid":{"rendered":"https:\/\/tosi.korinekdavid.cz\/?page_id=42"},"modified":"2025-05-07T12:18:46","modified_gmt":"2025-05-07T12:18:46","slug":"pronajem-rostlin","status":"publish","type":"page","link":"https:\/\/tosi.korinekdavid.cz\/?page_id=42","title":{"rendered":"Pron\u00e1jem rostlin"},"content":{"rendered":"\n<p>Tato slu\u017eba je ur\u010dena pro ty, kte\u0159\u00ed pot\u0159ebuj\u00ed o\u017eivit n\u011bjakou kr\u00e1tkodobou akci, jako svatbu, festival,<br>prezentaci firmy na veletrhu nebo na jin\u00e9 ve\u0159ejn\u00e9 akci.<\/p>\n\n\n\n<p>Rostliny jsme schopni dov\u00e9st i naaran\u017eovat dle p\u0159\u00e1n\u00ed z\u00e1kazn\u00edka.<\/p>\n\n\n\n<p>Popt\u00e1vka i nab\u00eddka je individu\u00e1ln\u00ed a b\u011bhem roku se m\u011bn\u00ed dle stavu a kondice rostlin.<\/p>\n\n\n\n<div class=\"wp-block-columns is-layout-flex wp-container-core-columns-is-layout-9d6595d7 wp-block-columns-is-layout-flex\">\n<div class=\"wp-block-column is-layout-flow wp-block-column-is-layout-flow\" style=\"flex-basis:33.33%\">\n<figure data-wp-context=\"{&quot;imageId&quot;:&quot;69e0d936abde1&quot;}\" data-wp-interactive=\"core\/image\" data-wp-key=\"69e0d936abde1\" class=\"wp-block-image size-large wp-lightbox-container\"><img loading=\"lazy\" decoding=\"async\" width=\"1024\" height=\"518\" data-wp-class--hide=\"state.isContentHidden\" data-wp-class--show=\"state.isContentVisible\" data-wp-init=\"callbacks.setButtonStyles\" data-wp-on--click=\"actions.showLightbox\" data-wp-on--load=\"callbacks.setButtonStyles\" data-wp-on-window--resize=\"callbacks.setButtonStyles\" src=\"https:\/\/tosi.korinekdavid.cz\/wp-content\/uploads\/2025\/02\/pond-1024x518.jpg\" alt=\"\" class=\"wp-image-21\" srcset=\"https:\/\/tosi.korinekdavid.cz\/wp-content\/uploads\/2025\/02\/pond-1024x518.jpg 1024w, https:\/\/tosi.korinekdavid.cz\/wp-content\/uploads\/2025\/02\/pond-300x152.jpg 300w, https:\/\/tosi.korinekdavid.cz\/wp-content\/uploads\/2025\/02\/pond-768x389.jpg 768w, https:\/\/tosi.korinekdavid.cz\/wp-content\/uploads\/2025\/02\/pond-1536x778.jpg 1536w, https:\/\/tosi.korinekdavid.cz\/wp-content\/uploads\/2025\/02\/pond.jpg 1600w\" sizes=\"auto, (max-width: 1024px) 100vw, 1024px\" \/><button\n\t\t\tclass=\"lightbox-trigger\"\n\t\t\ttype=\"button\"\n\t\t\taria-haspopup=\"dialog\"\n\t\t\taria-label=\"Zv\u011bt\u0161it\"\n\t\t\tdata-wp-init=\"callbacks.initTriggerButton\"\n\t\t\tdata-wp-on--click=\"actions.showLightbox\"\n\t\t\tdata-wp-style--right=\"state.imageButtonRight\"\n\t\t\tdata-wp-style--top=\"state.imageButtonTop\"\n\t\t>\n\t\t\t<svg xmlns=\"http:\/\/www.w3.org\/2000\/svg\" width=\"12\" height=\"12\" fill=\"none\" viewBox=\"0 0 12 12\">\n\t\t\t\t<path fill=\"#fff\" d=\"M2 0a2 2 0 0 0-2 2v2h1.5V2a.5.5 0 0 1 .5-.5h2V0H2Zm2 10.5H2a.5.5 0 0 1-.5-.5V8H0v2a2 2 0 0 0 2 2h2v-1.5ZM8 12v-1.5h2a.5.5 0 0 0 .5-.5V8H12v2a2 2 0 0 1-2 2H8Zm2-12a2 2 0 0 1 2 2v2h-1.5V2a.5.5 0 0 0-.5-.5H8V0h2Z\" \/>\n\t\t\t<\/svg>\n\t\t<\/button><\/figure>\n<\/div>\n\n\n\n<div class=\"wp-block-column is-layout-flow wp-block-column-is-layout-flow\" style=\"flex-basis:66.66%\">\n<h2 class=\"wp-block-heading\">Spir\u00e1la<\/h2>\n\n\n\n<p>Cena od 600 K\u010d\/den<\/p>\n<\/div>\n<\/div>\n\n\n\n<div class=\"wp-block-columns is-layout-flex wp-container-core-columns-is-layout-9d6595d7 wp-block-columns-is-layout-flex\">\n<div class=\"wp-block-column is-layout-flow wp-block-column-is-layout-flow\" style=\"flex-basis:33.33%\">\n<figure data-wp-context=\"{&quot;imageId&quot;:&quot;69e0d936ac55c&quot;}\" data-wp-interactive=\"core\/image\" data-wp-key=\"69e0d936ac55c\" class=\"wp-block-image size-large wp-lightbox-container\"><img loading=\"lazy\" decoding=\"async\" width=\"1024\" height=\"447\" data-wp-class--hide=\"state.isContentHidden\" data-wp-class--show=\"state.isContentVisible\" data-wp-init=\"callbacks.setButtonStyles\" data-wp-on--click=\"actions.showLightbox\" data-wp-on--load=\"callbacks.setButtonStyles\" data-wp-on-window--resize=\"callbacks.setButtonStyles\" src=\"https:\/\/tosi.korinekdavid.cz\/wp-content\/uploads\/2025\/02\/park-outdoor-manicured-lawn-flowerbed-ai-generated-image-1024x447.jpg\" alt=\"\" class=\"wp-image-32\" srcset=\"https:\/\/tosi.korinekdavid.cz\/wp-content\/uploads\/2025\/02\/park-outdoor-manicured-lawn-flowerbed-ai-generated-image-1024x447.jpg 1024w, https:\/\/tosi.korinekdavid.cz\/wp-content\/uploads\/2025\/02\/park-outdoor-manicured-lawn-flowerbed-ai-generated-image-300x131.jpg 300w, https:\/\/tosi.korinekdavid.cz\/wp-content\/uploads\/2025\/02\/park-outdoor-manicured-lawn-flowerbed-ai-generated-image-768x335.jpg 768w, https:\/\/tosi.korinekdavid.cz\/wp-content\/uploads\/2025\/02\/park-outdoor-manicured-lawn-flowerbed-ai-generated-image.jpg 1200w\" sizes=\"auto, (max-width: 1024px) 100vw, 1024px\" \/><button\n\t\t\tclass=\"lightbox-trigger\"\n\t\t\ttype=\"button\"\n\t\t\taria-haspopup=\"dialog\"\n\t\t\taria-label=\"Zv\u011bt\u0161it\"\n\t\t\tdata-wp-init=\"callbacks.initTriggerButton\"\n\t\t\tdata-wp-on--click=\"actions.showLightbox\"\n\t\t\tdata-wp-style--right=\"state.imageButtonRight\"\n\t\t\tdata-wp-style--top=\"state.imageButtonTop\"\n\t\t>\n\t\t\t<svg xmlns=\"http:\/\/www.w3.org\/2000\/svg\" width=\"12\" height=\"12\" fill=\"none\" viewBox=\"0 0 12 12\">\n\t\t\t\t<path fill=\"#fff\" d=\"M2 0a2 2 0 0 0-2 2v2h1.5V2a.5.5 0 0 1 .5-.5h2V0H2Zm2 10.5H2a.5.5 0 0 1-.5-.5V8H0v2a2 2 0 0 0 2 2h2v-1.5ZM8 12v-1.5h2a.5.5 0 0 0 .5-.5V8H12v2a2 2 0 0 1-2 2H8Zm2-12a2 2 0 0 1 2 2v2h-1.5V2a.5.5 0 0 0-.5-.5H8V0h2Z\" \/>\n\t\t\t<\/svg>\n\t\t<\/button><\/figure>\n<\/div>\n\n\n\n<div class=\"wp-block-column is-layout-flow wp-block-column-is-layout-flow\" style=\"flex-basis:66.66%\">\n<h2 class=\"wp-block-heading\">Nespir\u00e1la<\/h2>\n\n\n\n<p>Cena od 1200 K\u010d<\/p>\n<\/div>\n<\/div>\n\n\n\n<p><\/p>\n","protected":false},"excerpt":{"rendered":"<p>Tato slu\u017eba je ur\u010dena pro ty, kte\u0159\u00ed pot\u0159ebuj\u00ed o\u017eivit n\u011bjakou kr\u00e1tkodobou akci, jako svatbu, festival,prezentaci firmy na veletrhu nebo na jin\u00e9 ve\u0159ejn\u00e9 akci. Rostliny jsme schopni dov\u00e9st i naaran\u017eovat dle p\u0159\u00e1n\u00ed z\u00e1kazn\u00edka. Popt\u00e1vka i nab\u00eddka je individu\u00e1ln\u00ed a b\u011bhem roku se m\u011bn\u00ed dle stavu a kondice rostlin. Spir\u00e1la Cena od 600 K\u010d\/den Nespir\u00e1la Cena od [&hellip;]<\/p>\n","protected":false},"author":1,"featured_media":0,"parent":0,"menu_order":0,"comment_status":"closed","ping_status":"closed","template":"","meta":{"footnotes":""},"class_list":["post-42","page","type-page","status-publish","hentry"],"_links":{"self":[{"href":"https:\/\/tosi.korinekdavid.cz\/index.php?rest_route=\/wp\/v2\/pages\/42","targetHints":{"allow":["GET"]}}],"collection":[{"href":"https:\/\/tosi.korinekdavid.cz\/index.php?rest_route=\/wp\/v2\/pages"}],"about":[{"href":"https:\/\/tosi.korinekdavid.cz\/index.php?rest_route=\/wp\/v2\/types\/page"}],"author":[{"embeddable":true,"href":"https:\/\/tosi.korinekdavid.cz\/index.php?rest_route=\/wp\/v2\/users\/1"}],"replies":[{"embeddable":true,"href":"https:\/\/tosi.korinekdavid.cz\/index.php?rest_route=%2Fwp%2Fv2%2Fcomments&post=42"}],"version-history":[{"count":2,"href":"https:\/\/tosi.korinekdavid.cz\/index.php?rest_route=\/wp\/v2\/pages\/42\/revisions"}],"predecessor-version":[{"id":68,"href":"https:\/\/tosi.korinekdavid.cz\/index.php?rest_route=\/wp\/v2\/pages\/42\/revisions\/68"}],"wp:attachment":[{"href":"https:\/\/tosi.korinekdavid.cz\/index.php?rest_route=%2Fwp%2Fv2%2Fmedia&parent=42"}],"curies":[{"name":"wp","href":"https:\/\/api.w.org\/{rel}","templated":true}]}}