{"id":40,"date":"2025-05-07T11:31:35","date_gmt":"2025-05-07T11:31:35","guid":{"rendered":"https:\/\/tosi.korinekdavid.cz\/?page_id=40"},"modified":"2025-05-07T11:45:45","modified_gmt":"2025-05-07T11:45:45","slug":"dodavky-rostlin-na-miru","status":"publish","type":"page","link":"https:\/\/tosi.korinekdavid.cz\/?page_id=40","title":{"rendered":"Dod\u00e1vky rostlin na m\u00edru"},"content":{"rendered":"\n<p>Pro ty, co maj\u00ed jasno, jak\u00e9 rostliny cht\u011bj\u00ed na sv\u00e9 zahrad\u011b ve ve\u0159ejn\u00e9 v\u00fdsadb\u011b, firm\u011b nebo prost\u011b jen<br>doma, ale nev\u00ed, kde je v\u0161echny sehnat, m\u00e1me \u0159e\u0161en\u00ed. Za\u0161lete n\u00e1m seznam popt\u00e1van\u00fdch rostlin a my<br>v\u00e1m za\u0161leme nab\u00eddku. P\u0159\u00edpadn\u011b rostliny dod\u00e1me p\u0159\u00edmo k\u00a0v\u00e1m.<\/p>\n\n\n\n<p>Spolupracujeme p\u0159edev\u0161\u00edm s\u00a0\u010desk\u00fdmi dodavateli, kte\u0159\u00ed dbaj\u00ed na tu nejlep\u0161\u00ed kvalitu rostlin. D\u00e1le tak\u00e9<br>voz\u00edme rostliny od ov\u011b\u0159en\u00fdch dodavatel\u016f ze zahrani\u010d\u00ed.<\/p>\n","protected":false},"excerpt":{"rendered":"<p>Pro ty, co maj\u00ed jasno, jak\u00e9 rostliny cht\u011bj\u00ed na sv\u00e9 zahrad\u011b ve ve\u0159ejn\u00e9 v\u00fdsadb\u011b, firm\u011b nebo prost\u011b jendoma, ale nev\u00ed, kde je v\u0161echny sehnat, m\u00e1me \u0159e\u0161en\u00ed. Za\u0161lete n\u00e1m seznam popt\u00e1van\u00fdch rostlin a myv\u00e1m za\u0161leme nab\u00eddku. P\u0159\u00edpadn\u011b rostliny dod\u00e1me p\u0159\u00edmo k\u00a0v\u00e1m. Spolupracujeme p\u0159edev\u0161\u00edm s\u00a0\u010desk\u00fdmi dodavateli, kte\u0159\u00ed dbaj\u00ed na tu nejlep\u0161\u00ed kvalitu rostlin. D\u00e1le tak\u00e9voz\u00edme rostliny od [&hellip;]<\/p>\n","protected":false},"author":1,"featured_media":0,"parent":0,"menu_order":0,"comment_status":"closed","ping_status":"closed","template":"","meta":{"footnotes":""},"class_list":["post-40","page","type-page","status-publish","hentry"],"_links":{"self":[{"href":"https:\/\/tosi.korinekdavid.cz\/index.php?rest_route=\/wp\/v2\/pages\/40","targetHints":{"allow":["GET"]}}],"collection":[{"href":"https:\/\/tosi.korinekdavid.cz\/index.php?rest_route=\/wp\/v2\/pages"}],"about":[{"href":"https:\/\/tosi.korinekdavid.cz\/index.php?rest_route=\/wp\/v2\/types\/page"}],"author":[{"embeddable":true,"href":"https:\/\/tosi.korinekdavid.cz\/index.php?rest_route=\/wp\/v2\/users\/1"}],"replies":[{"embeddable":true,"href":"https:\/\/tosi.korinekdavid.cz\/index.php?rest_route=%2Fwp%2Fv2%2Fcomments&post=40"}],"version-history":[{"count":1,"href":"https:\/\/tosi.korinekdavid.cz\/index.php?rest_route=\/wp\/v2\/pages\/40\/revisions"}],"predecessor-version":[{"id":41,"href":"https:\/\/tosi.korinekdavid.cz\/index.php?rest_route=\/wp\/v2\/pages\/40\/revisions\/41"}],"wp:attachment":[{"href":"https:\/\/tosi.korinekdavid.cz\/index.php?rest_route=%2Fwp%2Fv2%2Fmedia&parent=40"}],"curies":[{"name":"wp","href":"https:\/\/api.w.org\/{rel}","templated":true}]}}