{"id":38,"date":"2025-05-07T11:30:46","date_gmt":"2025-05-07T11:30:46","guid":{"rendered":"https:\/\/tosi.korinekdavid.cz\/?page_id=38"},"modified":"2025-05-07T11:54:07","modified_gmt":"2025-05-07T11:54:07","slug":"navrhy-a-realizace-zelene","status":"publish","type":"page","link":"https:\/\/tosi.korinekdavid.cz\/?page_id=38","title":{"rendered":"N\u00e1vrhy a realizace zelen\u011b"},"content":{"rendered":"\n<p>Zab\u00fdv\u00e1me se tvorbou n\u00e1vrh\u016f zahrad,&nbsp;p\u0159edzahr\u00e1dek, v\u00fdsadbou n\u00e1dob&nbsp;i vhodn\u00e9ho v\u00fdb\u011bru rostlin do interi\u00e9ru.<\/p>\n\n\n\n<figure class=\"wp-block-gallery has-nested-images columns-default is-cropped wp-block-gallery-1 is-layout-flex wp-block-gallery-is-layout-flex\">\n<figure data-wp-context=\"{&quot;imageId&quot;:&quot;69e0d91e1752f&quot;}\" data-wp-interactive=\"core\/image\" data-wp-key=\"69e0d91e1752f\" class=\"wp-block-image size-large wp-lightbox-container\"><img loading=\"lazy\" decoding=\"async\" width=\"1024\" height=\"447\" data-wp-class--hide=\"state.isContentHidden\" data-wp-class--show=\"state.isContentVisible\" data-wp-init=\"callbacks.setButtonStyles\" data-wp-on--click=\"actions.showLightbox\" data-wp-on--load=\"callbacks.setButtonStyles\" data-wp-on-window--resize=\"callbacks.setButtonStyles\" data-id=\"32\" src=\"https:\/\/tosi.korinekdavid.cz\/wp-content\/uploads\/2025\/02\/park-outdoor-manicured-lawn-flowerbed-ai-generated-image-1024x447.jpg\" alt=\"\" class=\"wp-image-32\" srcset=\"https:\/\/tosi.korinekdavid.cz\/wp-content\/uploads\/2025\/02\/park-outdoor-manicured-lawn-flowerbed-ai-generated-image-1024x447.jpg 1024w, https:\/\/tosi.korinekdavid.cz\/wp-content\/uploads\/2025\/02\/park-outdoor-manicured-lawn-flowerbed-ai-generated-image-300x131.jpg 300w, https:\/\/tosi.korinekdavid.cz\/wp-content\/uploads\/2025\/02\/park-outdoor-manicured-lawn-flowerbed-ai-generated-image-768x335.jpg 768w, https:\/\/tosi.korinekdavid.cz\/wp-content\/uploads\/2025\/02\/park-outdoor-manicured-lawn-flowerbed-ai-generated-image.jpg 1200w\" sizes=\"auto, (max-width: 1024px) 100vw, 1024px\" \/><button\n\t\t\tclass=\"lightbox-trigger\"\n\t\t\ttype=\"button\"\n\t\t\taria-haspopup=\"dialog\"\n\t\t\taria-label=\"Zv\u011bt\u0161it\"\n\t\t\tdata-wp-init=\"callbacks.initTriggerButton\"\n\t\t\tdata-wp-on--click=\"actions.showLightbox\"\n\t\t\tdata-wp-style--right=\"state.imageButtonRight\"\n\t\t\tdata-wp-style--top=\"state.imageButtonTop\"\n\t\t>\n\t\t\t<svg xmlns=\"http:\/\/www.w3.org\/2000\/svg\" width=\"12\" height=\"12\" fill=\"none\" viewBox=\"0 0 12 12\">\n\t\t\t\t<path fill=\"#fff\" d=\"M2 0a2 2 0 0 0-2 2v2h1.5V2a.5.5 0 0 1 .5-.5h2V0H2Zm2 10.5H2a.5.5 0 0 1-.5-.5V8H0v2a2 2 0 0 0 2 2h2v-1.5ZM8 12v-1.5h2a.5.5 0 0 0 .5-.5V8H12v2a2 2 0 0 1-2 2H8Zm2-12a2 2 0 0 1 2 2v2h-1.5V2a.5.5 0 0 0-.5-.5H8V0h2Z\" \/>\n\t\t\t<\/svg>\n\t\t<\/button><\/figure>\n\n\n\n<figure class=\"wp-block-image size-large\"><img loading=\"lazy\" decoding=\"async\" width=\"1024\" height=\"518\" data-id=\"21\" src=\"https:\/\/tosi.korinekdavid.cz\/wp-content\/uploads\/2025\/02\/pond-1024x518.jpg\" alt=\"\" class=\"wp-image-21\" srcset=\"https:\/\/tosi.korinekdavid.cz\/wp-content\/uploads\/2025\/02\/pond-1024x518.jpg 1024w, https:\/\/tosi.korinekdavid.cz\/wp-content\/uploads\/2025\/02\/pond-300x152.jpg 300w, https:\/\/tosi.korinekdavid.cz\/wp-content\/uploads\/2025\/02\/pond-768x389.jpg 768w, https:\/\/tosi.korinekdavid.cz\/wp-content\/uploads\/2025\/02\/pond-1536x778.jpg 1536w, https:\/\/tosi.korinekdavid.cz\/wp-content\/uploads\/2025\/02\/pond.jpg 1600w\" sizes=\"auto, (max-width: 1024px) 100vw, 1024px\" \/><\/figure>\n<\/figure>\n\n\n\n<p>Sou\u010d\u00e1st\u00ed n\u00e1vrhu je vizualizace zahrady, osazovac\u00ed pl\u00e1n a soupis rostlin.<\/p>\n\n\n\n<p>V\u017edy se sna\u017e\u00edme naj\u00edt rovnov\u00e1hu mezi funk\u010dnost\u00ed a p\u0159\u00e1n\u00ed z\u00e1kazn\u00edka. V\u00fdsledkem je ide\u00e1ln\u00ed \u0159e\u0161en\u00ed jak<br>z&nbsp;hlediska estetick\u00e9ho, tak i funk\u010dn\u00edho.<\/p>\n\n\n\n<p>Po n\u00e1vrhu jsme schopni zahradu, v\u00fdsadbu venkovn\u00edch n\u00e1dob \u010di rostlin do interi\u00e9ru zrealizovat.<br>Samoz\u0159ejmost\u00ed je i mo\u017enost n\u00e1sledn\u00e9 p\u00e9\u010de a \u00fadr\u017eby o va\u0161e rostliny.<\/p>\n","protected":false},"excerpt":{"rendered":"<p>Zab\u00fdv\u00e1me se tvorbou n\u00e1vrh\u016f zahrad,&nbsp;p\u0159edzahr\u00e1dek, v\u00fdsadbou n\u00e1dob&nbsp;i vhodn\u00e9ho v\u00fdb\u011bru rostlin do interi\u00e9ru. Sou\u010d\u00e1st\u00ed n\u00e1vrhu je vizualizace zahrady, osazovac\u00ed pl\u00e1n a soupis rostlin. V\u017edy se sna\u017e\u00edme naj\u00edt rovnov\u00e1hu mezi funk\u010dnost\u00ed a p\u0159\u00e1n\u00ed z\u00e1kazn\u00edka. V\u00fdsledkem je ide\u00e1ln\u00ed \u0159e\u0161en\u00ed jakz&nbsp;hlediska estetick\u00e9ho, tak i funk\u010dn\u00edho. Po n\u00e1vrhu jsme schopni zahradu, v\u00fdsadbu venkovn\u00edch n\u00e1dob \u010di rostlin do interi\u00e9ru zrealizovat.Samoz\u0159ejmost\u00ed je [&hellip;]<\/p>\n","protected":false},"author":1,"featured_media":0,"parent":0,"menu_order":0,"comment_status":"closed","ping_status":"closed","template":"","meta":{"footnotes":""},"class_list":["post-38","page","type-page","status-publish","hentry"],"_links":{"self":[{"href":"https:\/\/tosi.korinekdavid.cz\/index.php?rest_route=\/wp\/v2\/pages\/38","targetHints":{"allow":["GET"]}}],"collection":[{"href":"https:\/\/tosi.korinekdavid.cz\/index.php?rest_route=\/wp\/v2\/pages"}],"about":[{"href":"https:\/\/tosi.korinekdavid.cz\/index.php?rest_route=\/wp\/v2\/types\/page"}],"author":[{"embeddable":true,"href":"https:\/\/tosi.korinekdavid.cz\/index.php?rest_route=\/wp\/v2\/users\/1"}],"replies":[{"embeddable":true,"href":"https:\/\/tosi.korinekdavid.cz\/index.php?rest_route=%2Fwp%2Fv2%2Fcomments&post=38"}],"version-history":[{"count":7,"href":"https:\/\/tosi.korinekdavid.cz\/index.php?rest_route=\/wp\/v2\/pages\/38\/revisions"}],"predecessor-version":[{"id":59,"href":"https:\/\/tosi.korinekdavid.cz\/index.php?rest_route=\/wp\/v2\/pages\/38\/revisions\/59"}],"wp:attachment":[{"href":"https:\/\/tosi.korinekdavid.cz\/index.php?rest_route=%2Fwp%2Fv2%2Fmedia&parent=38"}],"curies":[{"name":"wp","href":"https:\/\/api.w.org\/{rel}","templated":true}]}}